{"id":1009,"date":"2021-01-15T17:32:23","date_gmt":"2021-01-15T16:32:23","guid":{"rendered":"http:\/\/www.mh-is.at\/?page_id=1009"},"modified":"2021-01-15T17:48:04","modified_gmt":"2021-01-15T16:48:04","slug":"adl-329","status":"publish","type":"page","link":"https:\/\/www.mh-is.at\/?page_id=1009","title":{"rendered":"ADL 329"},"content":{"rendered":"<div id=\"pl-1009\"  class=\"panel-layout\" ><div id=\"pg-1009-0\"  class=\"panel-grid panel-no-style\" ><div id=\"pgc-1009-0-0\"  class=\"panel-grid-cell\" ><div id=\"panel-1009-0-0-0\" class=\"so-panel widget widget_text panel-first-child panel-last-child\" data-index=\"0\" ><h3 class=\"widget-title\">LEITBILD ADL-329<\/h3>\t\t\t<div class=\"textwidget\"><div class=\"headline\">\n<h2><strong>ADL 329 \u201cMarchfeld\u201d\u00a0 im\u00a0 Landesverband \u00a0N\u00d6\u00a0 des \u00d6VSV<\/strong><\/h2>\n<\/div>\n<div class=\"ap-plain\">\n<div>\n<p><strong>Die\u00a0 Ortsstelle 329 ist eine Vereinigung von Funkamateuren, die sich besonders der Pflege technischen Wissens und der Aufrechterhaltung \u00a0und \u00a0F\u00f6rderung des Amateurfunkbetriebes verschrieben hat. F\u00fcr einen 329er ist es selbstverst\u00e4ndlich, dass verschiedenartige Pers\u00f6nlichkeiten mit unterschiedlichen Interessen und unterschiedlichem Wissen einander mit Wertsch\u00e4tzung begegnen und den vielger\u00fchmten \u201cHam-Spirit\u201d hochhalten. Die Ortsstelle Marchfeld ist offen f\u00fcr Menschen mit k\u00f6rperlichen Einschr\u00e4nkungen\u00a0 und l\u00e4sst Altgedienten und Neueinsteigern gleicherma\u00dfen Unterst\u00fctzung zukommen. Gro\u00dfes Augenmerk wird auf die Gewinnung von neuen und jungen Mitgliedern gelegt. Funkinteressierte, die zum ADL 329 kommen wollen, werden von seinen Mitgliedern vom ersten Tag an als gleichwertige Funkkollegen akzeptiert und in die Gespr\u00e4chsrunden als gleichwertige Partner eingebunden. Frauen und M\u00e4nner sind selbstverst\u00e4ndlich gleicherma\u00dfen willkommen.<\/strong><\/p>\n<p><strong>\u00a0Ohne sich dabei aufzudr\u00e4ngen\u00a0 sind die Funkamateure des ADL 329 bereit, in Notf\u00e4llen und bei Katastrophensituationen\u00a0 den Gemeinden und Bezirksverwaltungsbeh\u00f6rden ihre Hilfe bei der \u00dcbermittlung von wichtigen Nachrichten anzubieten. Abzuhaltende Feldtage und \u00dcbungen, die zum Teil mit anderen Ortsstellen gemeinsam durchgef\u00fchrt werden, sollen die daf\u00fcr n\u00f6tige Erfahrung aufbauen.<\/strong><\/p>\n<p><strong>Streit und Vereinsmeierei wird in dieser Ortsstelle kein Aktivit\u00e4tszentrum geboten. Den 329er zeichnen Besonnenheit und\u00a0 Toleranz aus. \u00a0Leitende der Ortsstelle Marchfeld agieren stets als Gleiche unter Gleichen und erf\u00fcllen eine Funktion als Sprecher nach Au\u00dfen und zum Landesverband hin.\u00a0<\/strong><\/p>\n<p><strong>Aus diesem Leitbild ergeben sich unsere Wahlspr\u00fcche<\/strong><\/p>\n<p><strong>\u201c In Verschiedenheit zur Gemeinsamkeit\u201d\u00a0und\u00a0\u201cbeherrschte Technik macht zufrieden\u201d<\/strong><\/p>\n<p><strong>Damit das Obenstehende nicht nur als hohle Phrase in unseren Schriften und auf unserer Homepage zu finden ist, sind die Mitglieder dazu angehalten, ihre \u00dcbereinstimmung mit unseren Leits\u00e4tzen durch ihre Unterschrift zu best\u00e4tigen.<\/strong><\/p>\n<p><strong><em><span lang=\"EN-GB\">Hans, OE3HPU 01.03.2014<\/span><\/em><\/strong><\/p>\n<\/div>\n<\/div>\n<\/div>\n\t\t<\/div><\/div><div id=\"pgc-1009-0-1\"  class=\"panel-grid-cell\" ><div id=\"panel-1009-0-1-0\" class=\"so-panel widget widget_sow-editor panel-first-child panel-last-child\" data-index=\"1\" ><div\n\t\t\t\n\t\t\tclass=\"so-widget-sow-editor so-widget-sow-editor-base\"\n\t\t\t\n\t\t><h3 class=\"widget-title\">ADL 329<\/h3>\n<div class=\"siteorigin-widget-tinymce textwidget\">\n\t<h4><a href=\"https:\/\/adl329.lima-city.de\/\" target=\"_blank\" rel=\"noopener\">ADL 329<\/a> Bezirksleiter:<\/h4>\n<p>Gottfried P\u00f6ltinger OE3IPU<\/p>\n<p>Hauptstra\u00dfe 143<\/p>\n<p>A - 2213 Bockflie\u00df<\/p>\n<p>Treffen:<\/p>\n<p><strong>CLUB QRG: <\/strong>145,225 Mhz FM&nbsp; \/ 430,300 Mhz FM<\/p>\n<\/div>\n<\/div><\/div><\/div><\/div><div id=\"pg-1009-1\"  class=\"panel-grid panel-no-style\" ><div id=\"pgc-1009-1-0\"  class=\"panel-grid-cell\" ><div id=\"panel-1009-1-0-0\" class=\"so-panel widget widget_sow-editor panel-first-child panel-last-child\" data-index=\"2\" ><div\n\t\t\t\n\t\t\tclass=\"so-widget-sow-editor so-widget-sow-editor-base\"\n\t\t\t\n\t\t><h3 class=\"widget-title\">Mitgliederliste Stand 18.01.2020<\/h3>\n<div class=\"siteorigin-widget-tinymce textwidget\">\n\t<table width=\"306\">\n<tbody>\n<tr>\n<td width=\"132\">1<\/td>\n<td width=\"87\">OE1BVW<\/td>\n<td width=\"87\">Brigitte<\/td>\n<\/tr>\n<tr>\n<td>2<\/td>\n<td>OE1CMW<\/td>\n<td>Michael<\/td>\n<\/tr>\n<tr>\n<td>3<\/td>\n<td>OE1CWA<\/td>\n<td>Christian<\/td>\n<\/tr>\n<tr>\n<td>4<\/td>\n<td>OE1PHS<\/td>\n<td>Heribert<\/td>\n<\/tr>\n<tr>\n<td>5<\/td>\n<td>OE1PZC<\/td>\n<td>Peter<\/td>\n<\/tr>\n<tr>\n<td>6<\/td>\n<td>OE1SOW<\/td>\n<td>Othmar<\/td>\n<\/tr>\n<tr>\n<td>7<\/td>\n<td>OE3AAS<\/td>\n<td>Rudolf<\/td>\n<\/tr>\n<tr>\n<td>8<\/td>\n<td>OE3CSA<\/td>\n<td>Erich<\/td>\n<\/tr>\n<tr>\n<td>9<\/td>\n<td>OE3EPA<\/td>\n<td>Ernst<\/td>\n<\/tr>\n<tr>\n<td>10<\/td>\n<td>OE3FUS<\/td>\n<td>Franz<\/td>\n<\/tr>\n<tr>\n<td>11<\/td>\n<td>OE3GOD<\/td>\n<td>Gerald<\/td>\n<\/tr>\n<tr>\n<td>12<\/td>\n<td>OE3HAS<\/td>\n<td>Helmut<\/td>\n<\/tr>\n<tr>\n<td>13<\/td>\n<td>OE3HOC<\/td>\n<td>Hans<\/td>\n<\/tr>\n<tr>\n<td>14<\/td>\n<td>OE3HPU<\/td>\n<td>Hans<\/td>\n<\/tr>\n<tr>\n<td>15<\/td>\n<td>OE3IPU<\/td>\n<td>Gottfried<\/td>\n<\/tr>\n<tr>\n<td>16<\/td>\n<td>OE3KKC<\/td>\n<td>Karl<\/td>\n<\/tr>\n<tr>\n<td>17<\/td>\n<td>OE3KPC<\/td>\n<td>Christian<\/td>\n<\/tr>\n<tr>\n<td>18<\/td>\n<td>OE3LSC<\/td>\n<td>Felix<\/td>\n<\/tr>\n<tr>\n<td>19<\/td>\n<td>OE3OSB<\/td>\n<td>Erich<\/td>\n<\/tr>\n<tr>\n<td>20<\/td>\n<td>OE3PGU<\/td>\n<td>Georg<\/td>\n<\/tr>\n<tr>\n<td>21<\/td>\n<td>OE3PYC<\/td>\n<td>Peter<\/td>\n<\/tr>\n<tr>\n<td>22<\/td>\n<td>OE3RBS<\/td>\n<td>Reinhold<\/td>\n<\/tr>\n<tr>\n<td>23<\/td>\n<td>OE3RGA<\/td>\n<td>Gerald<\/td>\n<\/tr>\n<tr>\n<td>24<\/td>\n<td>OE3SJA<\/td>\n<td>Johann<\/td>\n<\/tr>\n<tr>\n<td>25<\/td>\n<td>OE3SLA<\/td>\n<td>Ludwig<\/td>\n<\/tr>\n<tr>\n<td>26<\/td>\n<td>OE3UKW<\/td>\n<td>Christian<\/td>\n<\/tr>\n<tr>\n<td>27<\/td>\n<td>OE3URW<\/td>\n<td>Helmut<\/td>\n<\/tr>\n<tr>\n<td>28<\/td>\n<td>OE3XMS<\/td>\n<td>CLUBSTATION<\/td>\n<\/tr>\n<tr>\n<td>29<\/td>\n<td>OE3UZA<\/td>\n<td>G\u00fcnter<\/td>\n<\/tr>\n<tr>\n<td>30<\/td>\n<td>OE1GXK<\/td>\n<td>Gerhard<\/td>\n<\/tr>\n<tr>\n<td>31<\/td>\n<td>OE1DAS<\/td>\n<td>David<\/td>\n<\/tr>\n<tr>\n<td>32<\/td>\n<td>OE1ARX<\/td>\n<td>Alex<\/td>\n<\/tr>\n<tr>\n<td>33<\/td>\n<td>OE3EGH<\/td>\n<td>Martin<\/td>\n<\/tr>\n<\/tbody>\n<\/table>\n<\/div>\n<\/div><\/div><\/div><div id=\"pgc-1009-1-1\"  class=\"panel-grid-cell\" ><div id=\"panel-1009-1-1-0\" class=\"so-panel widget widget_media_image panel-first-child panel-last-child\" data-index=\"3\" ><img loading=\"lazy\" decoding=\"async\" width=\"300\" height=\"191\" src=\"https:\/\/www.mh-is.at\/wp-content\/uploads\/2021\/01\/OE3XMS-800x510-1-300x191.jpg\" class=\"image wp-image-1019  attachment-medium size-medium\" alt=\"\" style=\"max-width: 100%; height: auto;\" srcset=\"https:\/\/www.mh-is.at\/wp-content\/uploads\/2021\/01\/OE3XMS-800x510-1-300x191.jpg 300w, https:\/\/www.mh-is.at\/wp-content\/uploads\/2021\/01\/OE3XMS-800x510-1-700x446.jpg 700w, https:\/\/www.mh-is.at\/wp-content\/uploads\/2021\/01\/OE3XMS-800x510-1-768x490.jpg 768w, https:\/\/www.mh-is.at\/wp-content\/uploads\/2021\/01\/OE3XMS-800x510-1.jpg 800w\" sizes=\"auto, (max-width: 300px) 100vw, 300px\" \/><\/div><\/div><\/div><\/div>","protected":false},"excerpt":{"rendered":"<p>ADL 329 \u201cMarchfeld\u201d\u00a0 im\u00a0 Landesverband \u00a0N\u00d6\u00a0 des \u00d6VSV Die\u00a0 Ortsstelle 329 ist eine Vereinigung von Funkamateuren, die sich besonders der Pflege technischen Wissens und der Aufrechterhaltung \u00a0und \u00a0F\u00f6rderung des Amateurfunkbetriebes verschrieben hat. F\u00fcr einen 329er ist es selbstverst\u00e4ndlich, dass verschiedenartige Pers\u00f6nlichkeiten mit unterschiedlichen Interessen und unterschiedlichem Wissen einander mit Wertsch\u00e4tzung begegnen und den vielger\u00fchmten \u201cHam-Spirit\u201d&#8230;<\/p>\n","protected":false},"author":1,"featured_media":0,"parent":0,"menu_order":0,"comment_status":"closed","ping_status":"closed","template":"fullwidth.php","meta":{"ngg_post_thumbnail":0,"footnotes":""},"class_list":["post-1009","page","type-page","status-publish","hentry"],"_links":{"self":[{"href":"https:\/\/www.mh-is.at\/index.php?rest_route=\/wp\/v2\/pages\/1009","targetHints":{"allow":["GET"]}}],"collection":[{"href":"https:\/\/www.mh-is.at\/index.php?rest_route=\/wp\/v2\/pages"}],"about":[{"href":"https:\/\/www.mh-is.at\/index.php?rest_route=\/wp\/v2\/types\/page"}],"author":[{"embeddable":true,"href":"https:\/\/www.mh-is.at\/index.php?rest_route=\/wp\/v2\/users\/1"}],"replies":[{"embeddable":true,"href":"https:\/\/www.mh-is.at\/index.php?rest_route=%2Fwp%2Fv2%2Fcomments&post=1009"}],"version-history":[{"count":13,"href":"https:\/\/www.mh-is.at\/index.php?rest_route=\/wp\/v2\/pages\/1009\/revisions"}],"predecessor-version":[{"id":1024,"href":"https:\/\/www.mh-is.at\/index.php?rest_route=\/wp\/v2\/pages\/1009\/revisions\/1024"}],"wp:attachment":[{"href":"https:\/\/www.mh-is.at\/index.php?rest_route=%2Fwp%2Fv2%2Fmedia&parent=1009"}],"curies":[{"name":"wp","href":"https:\/\/api.w.org\/{rel}","templated":true}]}}