{"id":621,"date":"2020-09-29T11:00:03","date_gmt":"2020-09-29T09:00:03","guid":{"rendered":"http:\/\/www.mh-is.at\/?page_id=621"},"modified":"2020-12-30T17:36:38","modified_gmt":"2020-12-30T16:36:38","slug":"verbaende","status":"publish","type":"page","link":"https:\/\/www.mh-is.at\/?page_id=621","title":{"rendered":"Verb\u00e4nde"},"content":{"rendered":"<div id=\"pl-621\"  class=\"panel-layout\" ><div id=\"pg-621-0\"  class=\"panel-grid panel-no-style\" ><div id=\"pgc-621-0-0\"  class=\"panel-grid-cell\" ><div id=\"panel-621-0-0-0\" class=\"so-panel widget widget_sow-editor panel-first-child panel-last-child\" data-index=\"0\" ><div\n\t\t\t\n\t\t\tclass=\"so-widget-sow-editor so-widget-sow-editor-base\"\n\t\t\t\n\t\t><h3 class=\"widget-title\">Beh\u00f6rden und Verb\u00e4nde<\/h3>\n<div class=\"siteorigin-widget-tinymce textwidget\">\n\t<p><a href=\"http:\/\/www.mh-is.at\/wp-content\/uploads\/2020\/09\/1200px-International_Telecommunication_Union_logo.svg_.png\"><img loading=\"lazy\" decoding=\"async\" class=\"wp-image-709 size-thumbnail alignleft\" src=\"http:\/\/www.mh-is.at\/wp-content\/uploads\/2020\/09\/1200px-International_Telecommunication_Union_logo.svg_-150x150.png\" alt=\"\" width=\"150\" height=\"150\"\/><\/a>Die internationalen Frequenzen werden von der <a href=\"https:\/\/de.wikipedia.org\/wiki\/Internationale_Fernmeldeunion\" target=\"_blank\" rel=\"noopener noreferrer\">ITU (International Telecommunication Union)<\/a> ist ein an die UNO angebundene internationale Beh\u00f6rde, die den VO-Funk, den interantionalen Fernmeldevertrag regelt. <a href=\"https:\/\/www.itu.int\/en\/Pages\/default.aspx\" target=\"_blank\" rel=\"noopener noreferrer\">ITU-LINK<\/a><\/p>\n<p><a href=\"http:\/\/www.mh-is.at\/wp-content\/uploads\/2020\/09\/International_Telecommunication_Union_region.svg_.png\"><img loading=\"lazy\" decoding=\"async\" class=\"alignright size-medium wp-image-707\" src=\"http:\/\/www.mh-is.at\/wp-content\/uploads\/2020\/09\/International_Telecommunication_Union_region.svg_-300x152.png\" alt=\"\" width=\"300\" height=\"152\" srcset=\"https:\/\/www.mh-is.at\/wp-content\/uploads\/2020\/09\/International_Telecommunication_Union_region.svg_-300x152.png 300w, https:\/\/www.mh-is.at\/wp-content\/uploads\/2020\/09\/International_Telecommunication_Union_region.svg_-700x355.png 700w, https:\/\/www.mh-is.at\/wp-content\/uploads\/2020\/09\/International_Telecommunication_Union_region.svg_-768x390.png 768w, https:\/\/www.mh-is.at\/wp-content\/uploads\/2020\/09\/International_Telecommunication_Union_region.svg_-1536x779.png 1536w, https:\/\/www.mh-is.at\/wp-content\/uploads\/2020\/09\/International_Telecommunication_Union_region.svg_-800x406.png 800w, https:\/\/www.mh-is.at\/wp-content\/uploads\/2020\/09\/International_Telecommunication_Union_region.svg_.png 1920w\" sizes=\"auto, (max-width: 300px) 100vw, 300px\" \/><\/a><\/p>\n<p>&nbsp;<\/p>\n<p>Auf internationaler Ebene gibt es auch die IARU (International Amateur Radio Union), die Beschl\u00fcsse mit bestimmt und Empfehlungen ausspricht. <a href=\"https:\/\/www.iaru.org\/\" target=\"_blank\" rel=\"noopener noreferrer\">IARU-LINK <\/a>Die IARU ist in 3 Regionen geteilt R1 - R3.<\/p>\n<p>Die n\u00e4chste Instanz auf europ\u00e4ischer Ebene ist die <a href=\"https:\/\/www.cept.org\/\" target=\"_blank\" rel=\"noopener noreferrer\">CEPT<\/a> (European Conference of Postal and Telecommunications Administrations) mit dem ETSI - Europ\u00e4isches Institut f\u00fcr Fernmeldewesen.<\/p>\n<p><a href=\"http:\/\/www.mh-is.at\/wp-content\/uploads\/2020\/09\/BMK_Logo_srgb.png\"><img loading=\"lazy\" decoding=\"async\" class=\"alignright size-medium wp-image-708\" src=\"http:\/\/www.mh-is.at\/wp-content\/uploads\/2020\/09\/BMK_Logo_srgb-300x108.png\" alt=\"\" width=\"300\" height=\"108\" srcset=\"https:\/\/www.mh-is.at\/wp-content\/uploads\/2020\/09\/BMK_Logo_srgb-300x108.png 300w, https:\/\/www.mh-is.at\/wp-content\/uploads\/2020\/09\/BMK_Logo_srgb-700x252.png 700w, https:\/\/www.mh-is.at\/wp-content\/uploads\/2020\/09\/BMK_Logo_srgb-768x276.png 768w, https:\/\/www.mh-is.at\/wp-content\/uploads\/2020\/09\/BMK_Logo_srgb-1536x552.png 1536w, https:\/\/www.mh-is.at\/wp-content\/uploads\/2020\/09\/BMK_Logo_srgb-800x288.png 800w, https:\/\/www.mh-is.at\/wp-content\/uploads\/2020\/09\/BMK_Logo_srgb.png 1635w\" sizes=\"auto, (max-width: 300px) 100vw, 300px\" \/><\/a>Auf \u00f6sterreichischer Ebene gibt es das BMVIT - das \u00f6sterreichische Fernmeldeb\u00fcro, das f\u00fcr das Telekommunikationsgesetz, die Amateurfunkverordnung, die Afu-Geb\u00fchrenverordnung und Kundmachungen f\u00fcr \u00d6sterreich zust\u00e4ndig ist. <a href=\"https:\/\/www.bmk.gv.at\/behoerden\/ofb.html\" target=\"_blank\" rel=\"noopener noreferrer\">Bei der Fernmeldebeh\u00f6rde<\/a> werden auch die Amateurfunk-Rufzeichen beantragt und vergeben. Die <a href=\"https:\/\/www.bmk.gv.at\/behoerden\/ofb\/funk\/funkdienste\/amateur.html\" target=\"_blank\" rel=\"noopener noreferrer\">\u00f6sterr. Rufzeichenliste <\/a>kann hier abgerufen werden. Diese wird periodisch aktualisiert und listet jene OMs (=Funker) und YLs (Funkerin) auf, die dies zulassen.<\/p>\n<p>Der <a href=\"https:\/\/www.oevsv.at\/home\/\" target=\"_blank\" rel=\"noopener noreferrer\">\u00d6sterreichische Versuchssenderverband (\u00d6VSV)<\/a> ist ein nicht auf Gewinnerzielung gerichteter Verein zum Zwecke der F\u00f6rderung und Erhaltung des Amateurfunks. Der 1926 von Franz Anderle gegr\u00fcndete Verein erstreckt seine T\u00e4tigkeit auf das gesamte Bundesgebiet der Republik \u00d6sterreich. Der Verein ist das \u00f6sterreichische Mitglied der International Amateur Radio Union IARU (Region 1).<\/p>\n<p>Er ist in einen Dachverband (DV), in neun Landesverb\u00e4nde (LV) und in die AMRS (Amateurfunkverein des Bundesheeres \/Austrian Military Radio Society) gegliedert.<\/p>\n<\/div>\n<\/div><\/div><\/div><\/div><div id=\"pg-621-1\"  class=\"panel-grid panel-no-style\" ><div id=\"pgc-621-1-0\"  class=\"panel-grid-cell\" ><div id=\"panel-621-1-0-0\" class=\"so-panel widget widget_sow-editor panel-first-child panel-last-child\" data-index=\"1\" ><div\n\t\t\t\n\t\t\tclass=\"so-widget-sow-editor so-widget-sow-editor-base\"\n\t\t\t\n\t\t><h3 class=\"widget-title\">\u00d6sterreichische Verb\u00e4nde<\/h3>\n<div class=\"siteorigin-widget-tinymce textwidget\">\n\t<p>Der OEVSV bildet sich aus den <a href=\"https:\/\/www.oevsv.at\/oevsv\/landesverbaende\/\" target=\"_blank\" rel=\"noopener noreferrer\">9 Landesverb\u00e4nden<\/a> und dem <a href=\"https:\/\/amrs.oevsv.at\/home\/\" target=\"_blank\" rel=\"noopener noreferrer\">AMRS<\/a>.<\/p>\n<p><a href=\"https:\/\/www.oevsv.at\/oevsv\/landesverbaende\/\" target=\"_blank\" rel=\"noopener noreferrer\">Die Landesverb\u00e4nde<\/a> mit den \u00f6sterreichischen Pr\u00e4fixen:<\/p>\n<ul>\n<li>OE1 (Wien)<\/li>\n<li>OE2 (Salzburg)<\/li>\n<li>OE3 (Nieder\u00f6sterreich)<\/li>\n<li>OE4 (Burgenland)<\/li>\n<li>OE5 (Ober\u00f6sterreich)<\/li>\n<li>OE6 (Steiermark)<\/li>\n<li>OE7 (Tirol)<\/li>\n<li>OE8 (K\u00e4rnten)<\/li>\n<li>OE9 (Vorarlberg)<\/li>\n<li><a href=\"https:\/\/amrs.oevsv.at\/home\/\" target=\"_blank\" rel=\"noopener noreferrer\">AMRS - Austrian Military Radio Society<\/a><\/li>\n<\/ul>\n<p>Es gibt neben dem OEVSV auch noch andere interessante Amateurfunk Organisationen:<\/p>\n<ul>\n<li><a href=\"https:\/\/www.oe1xrw.radio\/\" target=\"_blank\" rel=\"noopener noreferrer\">CARO - Club Amateur Radio ORF<\/a><\/li>\n<li><a href=\"https:\/\/www.adxb-oe.org\/\" target=\"_blank\" rel=\"noopener noreferrer\">ADXB - Austrian DX Board<\/a><\/li>\n<li><a href=\"http:\/\/dokufunk.org\/index.php\" target=\"_blank\" rel=\"noopener noreferrer\">DOKUFUNK - Dokumentationsarchiv Funk<\/a><\/li>\n<li><a href=\"https:\/\/www.marinefunker.at\/\" target=\"_blank\" rel=\"noopener noreferrer\">MFCA - Marine Funker Club Austria<\/a><\/li>\n<li>RCA - Radio Club Austria<\/li>\n<\/ul>\n<\/div>\n<\/div><\/div><\/div><div id=\"pgc-621-1-1\"  class=\"panel-grid-cell\" ><div id=\"panel-621-1-1-0\" class=\"so-panel widget widget_media_image panel-first-child panel-last-child\" data-index=\"2\" ><a href=\"https:\/\/de.wikipedia.org\/wiki\/Amateurfunkdienst#\/media\/Datei:DK5LA.jpg\"><img loading=\"lazy\" decoding=\"async\" width=\"300\" height=\"200\" src=\"https:\/\/www.mh-is.at\/wp-content\/uploads\/2020\/10\/Antenna-300x200.jpg\" class=\"image wp-image-734  attachment-medium size-medium\" alt=\"\" style=\"max-width: 100%; height: auto;\" srcset=\"https:\/\/www.mh-is.at\/wp-content\/uploads\/2020\/10\/Antenna-300x200.jpg 300w, https:\/\/www.mh-is.at\/wp-content\/uploads\/2020\/10\/Antenna-700x467.jpg 700w, https:\/\/www.mh-is.at\/wp-content\/uploads\/2020\/10\/Antenna-768x512.jpg 768w, https:\/\/www.mh-is.at\/wp-content\/uploads\/2020\/10\/Antenna-1536x1024.jpg 1536w, https:\/\/www.mh-is.at\/wp-content\/uploads\/2020\/10\/Antenna-2048x1365.jpg 2048w, https:\/\/www.mh-is.at\/wp-content\/uploads\/2020\/10\/Antenna-800x533.jpg 800w, https:\/\/www.mh-is.at\/wp-content\/uploads\/2020\/10\/Antenna-272x182.jpg 272w\" sizes=\"auto, (max-width: 300px) 100vw, 300px\" \/><\/a><\/div><\/div><\/div><div id=\"pg-621-2\"  class=\"panel-grid panel-no-style\" ><div id=\"pgc-621-2-0\"  class=\"panel-grid-cell\" ><div id=\"panel-621-2-0-0\" class=\"so-panel widget widget_sow-editor panel-first-child panel-last-child\" data-index=\"3\" ><div\n\t\t\t\n\t\t\tclass=\"so-widget-sow-editor so-widget-sow-editor-base\"\n\t\t\t\n\t\t><h3 class=\"widget-title\">Nachbarl\u00e4nder<\/h3>\n<div class=\"siteorigin-widget-tinymce textwidget\">\n\t<p><span style=\"color: #111111; font-size: 1.5rem; letter-spacing: -0.01em;\">Weiter gibt es in den Nachbarl\u00e4ndern auch interessante Vereine und Verb\u00e4nde:<\/span><\/p>\n<ul>\n<li><a href=\"http:\/\/www.mrasz.org\/\" target=\"_blank\" rel=\"noopener noreferrer\">Hungarian Radio Amateur Society (engl.)<\/a><\/li>\n<li><a href=\"http:\/\/www.hamradio.sk\/\" target=\"_blank\" rel=\"noopener noreferrer\">Slovensky zv\u00e4z Radioamaterov (slo)<\/a><\/li>\n<li><a href=\"https:\/\/www.crk.cz\/ENG\" target=\"_blank\" rel=\"noopener noreferrer\">Cesky Radioklub<\/a><\/li>\n<li><a href=\"https:\/\/www.darc.de\/home\/\" target=\"_blank\" rel=\"noopener noreferrer\">DARC - Deutscher Amateur-Radio-Club e.V.<\/a><\/li>\n<li><a href=\"http:\/\/www.ari.it\/\" target=\"_blank\" rel=\"noopener noreferrer\">ARI - Associazione Radioamatori Italiani (ital.\/eng.)<\/a><\/li>\n<li><a href=\"http:\/\/www.hamradio.si\/\" target=\"_blank\" rel=\"noopener noreferrer\">Zveza Radioamaterjev Slovenije<\/a><\/li>\n<li><a href=\"https:\/\/www.hamradio.hr\/\" target=\"_blank\" rel=\"noopener noreferrer\">Hrvatski Radioamaterski Savez (Cro\/Eng)<\/a><\/li>\n<li><a href=\"https:\/\/www.uska.ch\/\" target=\"_blank\" rel=\"noopener noreferrer\">Union Schweizerischer Kurzwellen Amateure<\/a><\/li>\n<\/ul>\n<\/div>\n<\/div><\/div><\/div><div id=\"pgc-621-2-1\"  class=\"panel-grid-cell\" ><div id=\"panel-621-2-1-0\" class=\"so-panel widget widget_media_image panel-first-child panel-last-child\" data-index=\"4\" ><img loading=\"lazy\" decoding=\"async\" width=\"300\" height=\"276\" src=\"https:\/\/www.mh-is.at\/wp-content\/uploads\/2020\/10\/Nachbarla\u0308nderAT-300x276.png\" class=\"image wp-image-714  attachment-medium size-medium\" alt=\"\" style=\"max-width: 100%; height: auto;\" srcset=\"https:\/\/www.mh-is.at\/wp-content\/uploads\/2020\/10\/Nachbarla\u0308nderAT-300x276.png 300w, https:\/\/www.mh-is.at\/wp-content\/uploads\/2020\/10\/Nachbarla\u0308nderAT-700x643.png 700w, https:\/\/www.mh-is.at\/wp-content\/uploads\/2020\/10\/Nachbarla\u0308nderAT-768x706.png 768w, https:\/\/www.mh-is.at\/wp-content\/uploads\/2020\/10\/Nachbarla\u0308nderAT-800x735.png 800w, https:\/\/www.mh-is.at\/wp-content\/uploads\/2020\/10\/Nachbarla\u0308nderAT.png 1199w\" sizes=\"auto, (max-width: 300px) 100vw, 300px\" \/><\/div><\/div><\/div><\/div>","protected":false},"excerpt":{"rendered":"<p>Die internationalen Frequenzen werden von der ITU (International Telecommunication Union) ist ein an die UNO angebundene internationale Beh\u00f6rde, die den VO-Funk, den interantionalen Fernmeldevertrag regelt. ITU-LINK &nbsp; Auf internationaler Ebene gibt es auch die IARU (International Amateur Radio Union), die Beschl\u00fcsse mit bestimmt und Empfehlungen ausspricht. IARU-LINK Die IARU ist in 3 Regionen geteilt R1&#8230;<\/p>\n","protected":false},"author":1,"featured_media":0,"parent":0,"menu_order":0,"comment_status":"open","ping_status":"closed","template":"fullwidth.php","meta":{"ngg_post_thumbnail":0,"footnotes":""},"class_list":["post-621","page","type-page","status-publish","hentry"],"_links":{"self":[{"href":"https:\/\/www.mh-is.at\/index.php?rest_route=\/wp\/v2\/pages\/621","targetHints":{"allow":["GET"]}}],"collection":[{"href":"https:\/\/www.mh-is.at\/index.php?rest_route=\/wp\/v2\/pages"}],"about":[{"href":"https:\/\/www.mh-is.at\/index.php?rest_route=\/wp\/v2\/types\/page"}],"author":[{"embeddable":true,"href":"https:\/\/www.mh-is.at\/index.php?rest_route=\/wp\/v2\/users\/1"}],"replies":[{"embeddable":true,"href":"https:\/\/www.mh-is.at\/index.php?rest_route=%2Fwp%2Fv2%2Fcomments&post=621"}],"version-history":[{"count":19,"href":"https:\/\/www.mh-is.at\/index.php?rest_route=\/wp\/v2\/pages\/621\/revisions"}],"predecessor-version":[{"id":1004,"href":"https:\/\/www.mh-is.at\/index.php?rest_route=\/wp\/v2\/pages\/621\/revisions\/1004"}],"wp:attachment":[{"href":"https:\/\/www.mh-is.at\/index.php?rest_route=%2Fwp%2Fv2%2Fmedia&parent=621"}],"curies":[{"name":"wp","href":"https:\/\/api.w.org\/{rel}","templated":true}]}}