{"id":623,"date":"2020-09-29T12:43:13","date_gmt":"2020-09-29T10:43:13","guid":{"rendered":"http:\/\/www.mh-is.at\/?page_id=623"},"modified":"2021-02-21T09:41:08","modified_gmt":"2021-02-21T08:41:08","slug":"notfunkbetrieb","status":"publish","type":"page","link":"https:\/\/www.mh-is.at\/?page_id=623","title":{"rendered":"Notfunkbetrieb"},"content":{"rendered":"<div id=\"pl-623\"  class=\"panel-layout\" ><div id=\"pg-623-0\"  class=\"panel-grid panel-no-style\" ><div id=\"pgc-623-0-0\"  class=\"panel-grid-cell\" ><div id=\"panel-623-0-0-0\" class=\"so-panel widget widget_sow-editor panel-first-child panel-last-child\" data-index=\"0\" ><div\n\t\t\t\n\t\t\tclass=\"so-widget-sow-editor so-widget-sow-editor-base\"\n\t\t\t\n\t\t><h3 class=\"widget-title\">Notfunk allgemein<\/h3>\n<div class=\"siteorigin-widget-tinymce textwidget\">\n\t<p><a href=\"http:\/\/www.mh-is.at\/wp-content\/uploads\/2020\/10\/Notfunkfahrzeug.jpg\"><img loading=\"lazy\" decoding=\"async\" class=\"size-medium wp-image-769 alignright\" src=\"http:\/\/www.mh-is.at\/wp-content\/uploads\/2020\/10\/Notfunkfahrzeug-300x200.jpg\" alt=\"\" width=\"300\" height=\"200\" srcset=\"https:\/\/www.mh-is.at\/wp-content\/uploads\/2020\/10\/Notfunkfahrzeug-300x200.jpg 300w, https:\/\/www.mh-is.at\/wp-content\/uploads\/2020\/10\/Notfunkfahrzeug-272x182.jpg 272w, https:\/\/www.mh-is.at\/wp-content\/uploads\/2020\/10\/Notfunkfahrzeug.jpg 512w\" sizes=\"auto, (max-width: 300px) 100vw, 300px\" \/><\/a>Das Thema Notfunk ist f\u00fcr mein Verst\u00e4ndnis ein wesentlicher Bestandteil des Amateurfunks und ich m\u00f6chte mit dem Gesetzestext beginnen, der uns auf freiwilliger Basis verpflichtet, im Falle eines Zusammenbrechens des Kommunikationsnetzes, der Beh\u00f6rde unsere Unterst\u00fctzung anzubieten. Nach dem Auszug aus dem verlinkten Gesetzestext m\u00f6chte ich gerne auf die Notfunkfrequenzen rund um Wien und Umgebung eingehen und auch im speziellen die Covid19 Runden erw\u00e4hnen. Eine gute Informationsquelle diesbez\u00fcglich ist der Videoblog von&nbsp; Max OE3MHU, der sich diesem Thema im ersten Lockdown gewidmet hat. <a href=\"https:\/\/youtu.be\/ocbGohoA8i8\" target=\"_blank\" rel=\"noopener noreferrer\">Link zum VLOG<\/a>.<\/p>\n<p>Eine der ersten Anlaufstellen sind die verschiedenen Notfunkreferate des OEVSV:<\/p>\n<ul>\n<li><a href=\"https:\/\/www.oevsv.at\/funkbetrieb\/notfunk\/\" target=\"_blank\" rel=\"noopener noreferrer\">OEVSV-Notfunk<\/a><\/li>\n<li><a href=\"https:\/\/oe3.oevsv.at\/amateurfunk\/notfunk\/richtlinien\/\" target=\"_blank\" rel=\"noopener noreferrer\">LV3-Notfunkreferat<\/a><\/li>\n<li><a href=\"https:\/\/arena.oevsv.at\/\" target=\"_blank\" rel=\"noopener noreferrer\">A.R.E.N.A. - Datenbank<\/a><\/li>\n<li id=\"firstHeading\" class=\"firstHeading\" lang=\"en\"><a href=\"https:\/\/en.wikipedia.org\/wiki\/Amateur_radio_emergency_communications\" target=\"_blank\" rel=\"noopener noreferrer\">Amateur radio emergency communications<\/a><\/li>\n<\/ul>\n<p>&nbsp;<\/p>\n<\/div>\n<\/div><\/div><\/div><\/div><div id=\"pg-623-1\"  class=\"panel-grid panel-no-style\" ><div id=\"pgc-623-1-0\"  class=\"panel-grid-cell\" ><div id=\"panel-623-1-0-0\" class=\"so-panel widget widget_sow-editor panel-first-child panel-last-child\" data-index=\"1\" ><div\n\t\t\t\n\t\t\tclass=\"so-widget-sow-editor so-widget-sow-editor-base\"\n\t\t\t\n\t\t><h3 class=\"widget-title\">Notfunk Gesetzesgrundlage<\/h3>\n<div class=\"siteorigin-widget-tinymce textwidget\">\n\t<p class=\"UeberschrPara AlignCenter\"><em><strong>Not- und Katastrophenfunkverkehr<\/strong> <\/em><\/p>\n<p><a href=\"https:\/\/www.ris.bka.gv.at\/Dokumente\/BgblAuth\/BGBLA_2018_I_78\/BGBLA_2018_I_78.html\" target=\"_blank\" rel=\"noopener noreferrer\"><em>Quelle: \u00a7 78c. BGBLA 2018<\/em><\/a><\/p>\n<p><em>&nbsp;(1) Notfunkverkehr ist die \u00dcbermittlung von Nachrichten zwischen einer Funkstelle, die selbst in Not ist oder an einem Notfall beteiligt oder Zeuge des Notfalles ist, und einer oder mehreren Hilfe leistenden Funkstellen. Der Funkamateur ist verpflichtet, \u00fcber Aufforderung der f\u00fcr den Hilfseinsatz zust\u00e4ndigen Beh\u00f6rden im Rahmen seiner M\u00f6glichkeiten Unterst\u00fctzung bei der Durchf\u00fchrung von Not- und Katastrophenfunkverkehr zu leisten und hat den Anordnungen der Beh\u00f6rden Folge zu leisten.<\/em><\/p>\n<p><em> (2) Notfall ist ein Ereignis, bei dem die Sicherheit menschlichen Lebens zumindest gef\u00e4hrdet erscheint. <\/em><\/p>\n<p><em>(3) Katastrophenfunkverkehr ist die \u00dcbermittlung von Nachrichten, die den nationalen oder internationalen Hilfeleistungsverkehr betreffen, zwischen Funkstellen innerhalb eines Katastrophengebietes sowie zwischen einer Funkstelle im Katastrophengebiet und Hilfe leistenden Organisationen. <\/em><\/p>\n<p><em>(4) Katastrophengebiet ist ein geographisches Gebiet, in welchem eine Katastrophe stattgefunden hat, f\u00fcr die Dauer des Katastrophenfalles. <\/em><\/p>\n<p><em>(5) Im Falle von Not- und Katastrophenfunkverkehr sowie bei der Durchf\u00fchrung von Not- und Katastrophenfunkverkehrs\u00fcbungen entfallen die Beschr\u00e4nkungen der \u00a7\u00a7&nbsp;78a Abs.&nbsp;4 und 78b Abs.&nbsp;1 bis 3. <\/em><\/p>\n<p><em>(6) Die Durchf\u00fchrung von Not- und Katastrophenfunkverkehrs\u00fcbungen ist mindestens zwei Wochen vor Beginn der \u00dcbung schriftlich dem Fernmeldeb\u00fcro anzuzeigen. <\/em><\/p>\n<p><em>(6a) Die Durchf\u00fchrung von Not- und Katastrophenfunkverkehrs\u00fcbungen ist mindestens zwei Wochen vor Beginn der \u00dcbung schriftlich dem \u00f6rtlich zust\u00e4ndigen Fernmeldeb\u00fcro anzuzeigen. <\/em><\/p>\n<p><em>(7) Bei Empfang eines Notrufes ist der eigene Funkverkehr sofort zu unterbrechen und jede St\u00f6rung des Notrufes zu unterlassen. Wird keine Antwort durch andere Funkstellen festgestellt, so ist unverz\u00fcglich Verbindung mit der notrufenden Funkstelle aufzunehmen. Erforderlichenfalls sind andere Funkstellen auf den Notruf aufmerksam zu machen.<\/em><\/p>\n<\/div>\n<\/div><\/div><\/div><\/div><div id=\"pg-623-2\"  class=\"panel-grid panel-no-style\" ><div id=\"pgc-623-2-0\"  class=\"panel-grid-cell\" ><div id=\"panel-623-2-0-0\" class=\"so-panel widget widget_sow-editor panel-first-child panel-last-child\" data-index=\"2\" ><div\n\t\t\t\n\t\t\tclass=\"so-widget-sow-editor so-widget-sow-editor-base\"\n\t\t\t\n\t\t><h3 class=\"widget-title\">\u00dcbersicht Notfunkfrequenzen<\/h3>\n<div class=\"siteorigin-widget-tinymce textwidget\">\n\t<p>Die generellen Notfunkfrequenzen in \u00d6sterreich nach IARU Empfehlung sind:<\/p>\n<div class=\"ap-sec \">\n<div class=\"ap-plain\">\n<table border=\"1\" summary=\"\" cellspacing=\"1\" cellpadding=\"1\" align=\"center\">\n<tbody>\n<tr>\n<td style=\"text-align: center;\" valign=\"baseline\"><strong>Band<\/strong><\/td>\n<td style=\"text-align: center;\" valign=\"baseline\"><strong>QRG<\/strong><\/td>\n<td style=\"text-align: center;\" valign=\"baseline\"><strong>Modulation<\/strong><\/td>\n<\/tr>\n<tr>\n<td style=\"text-align: center;\" valign=\"baseline\">160m<\/td>\n<td style=\"text-align: center;\" valign=\"center\">1873kHz<\/td>\n<td style=\"text-align: center;\" valign=\"center\">LSB<\/td>\n<\/tr>\n<tr>\n<td style=\"text-align: center;\" valign=\"baseline\">80m<\/td>\n<td style=\"text-align: center;\" valign=\"baseline\">3616kHz (Dial)<\/td>\n<td style=\"text-align: center;\" valign=\"baseline\">Pactor (III)<br \/>\nUSB<\/td>\n<\/tr>\n<tr>\n<td style=\"text-align: center;\" valign=\"baseline\">80m<\/td>\n<td style=\"text-align: center;\" valign=\"baseline\">3760kHz<\/td>\n<td style=\"text-align: center;\" valign=\"baseline\">LSB<\/td>\n<\/tr>\n<tr>\n<td style=\"text-align: center;\" valign=\"baseline\">40m<\/td>\n<td style=\"text-align: center;\" valign=\"baseline\">7040kHz (Dial)<\/td>\n<td style=\"text-align: center;\" valign=\"baseline\">Pactor (III)<br \/>\nUSB<\/td>\n<\/tr>\n<tr>\n<td style=\"text-align: center;\" valign=\"baseline\">40m<\/td>\n<td style=\"text-align: center;\" valign=\"baseline\">7110kHz<\/td>\n<td style=\"text-align: center;\" valign=\"baseline\">LSB<\/td>\n<\/tr>\n<tr>\n<td style=\"text-align: center;\" valign=\"baseline\">30m<\/td>\n<td style=\"text-align: center;\" valign=\"baseline\">10138kHz<\/td>\n<td style=\"text-align: center;\" valign=\"baseline\">USB<\/td>\n<\/tr>\n<tr>\n<td style=\"text-align: center;\" valign=\"baseline\">20m<\/td>\n<td style=\"text-align: center;\" valign=\"baseline\">14300kHz<\/td>\n<td style=\"text-align: center;\" valign=\"baseline\">USB<\/td>\n<\/tr>\n<tr>\n<td style=\"text-align: center;\" valign=\"baseline\">17m<\/td>\n<td style=\"text-align: center;\" valign=\"baseline\">18160kHz<\/td>\n<td style=\"text-align: center;\" valign=\"baseline\">USB<\/td>\n<\/tr>\n<tr>\n<td style=\"text-align: center;\" valign=\"baseline\">15m<\/td>\n<td style=\"text-align: center;\" valign=\"baseline\">21360kHz<\/td>\n<td style=\"text-align: center;\" valign=\"baseline\">USB<\/td>\n<\/tr>\n<tr>\n<td style=\"text-align: center;\" valign=\"baseline\">2m<\/td>\n<td style=\"text-align: center;\" valign=\"baseline\">145,500MHz<\/td>\n<td style=\"text-align: center;\" valign=\"baseline\">FM<\/td>\n<\/tr>\n<tr>\n<td style=\"text-align: center;\" valign=\"baseline\">70cm<\/td>\n<td style=\"text-align: center;\" valign=\"baseline\">434,000MHz<\/td>\n<td style=\"text-align: center;\" valign=\"baseline\">FM<\/td>\n<\/tr>\n<\/tbody>\n<\/table>\n<div class=\"headline\">\n<h2>Stationen und Frequenzen in OE<\/h2>\n<\/div>\n<div class=\"ap-plain\">\n<div>\n<table border=\"1\" summary=\"\" cellspacing=\"1\" cellpadding=\"1\" align=\"center\">\n<tbody>\n<tr>\n<td>\n<p align=\"center\">Rufzeichen<\/p>\n<\/td>\n<td>\n<p align=\"center\">Band<\/p>\n<\/td>\n<td>\n<p align=\"center\">Frequenz<\/p>\n<\/td>\n<td>\n<p align=\"center\">Betriebsart<\/p>\n<\/td>\n<td>\n<p align=\"center\">Datum\/Zeit<\/p>\n<\/td>\n<\/tr>\n<tr>\n<td>\n<p align=\"center\"><strong>0&nbsp;OE3XAR-10<\/strong><\/p>\n<\/td>\n<td>\n<p align=\"center\">70cm<\/p>\n<\/td>\n<td>\n<p align=\"center\">438.550<\/p>\n<\/td>\n<td>\n<p align=\"center\">Packet\/Winlink<\/p>\n<p align=\"center\">autom.\/unbemannt<\/p>\n<\/td>\n<td>\n<p align=\"center\">Jederzeit<\/p>\n<p align=\"center\">24\/7<\/p>\n<\/td>\n<\/tr>\n<tr>\n<td>\n<p align=\"center\"><strong>OE3XEC<\/strong><\/p>\n<\/td>\n<td>\n<p align=\"center\">80m<\/p>\n<\/td>\n<td>\n<p align=\"center\">3607<\/p>\n<p align=\"center\">&amp;<\/p>\n<p align=\"center\">3616 Dial USB<\/p>\n<\/td>\n<td>\n<p align=\"center\">Pactor\/Winlink<\/p>\n<p align=\"center\">autom.\/unbemannt<\/p>\n<\/td>\n<td>\n<p align=\"center\">Jederzeit<\/p>\n<p align=\"center\">24\/7<\/p>\n<\/td>\n<\/tr>\n<tr>\n<td>\n<p align=\"center\"><strong>OE3XEC<\/strong><\/p>\n<\/td>\n<td>\n<p align=\"center\">30m<\/p>\n<\/td>\n<td>\n<p align=\"center\">10145&nbsp;Dial USB<\/p>\n<\/td>\n<td>\n<p align=\"center\">Pactor\/Winlink<\/p>\n<p align=\"center\">forwarding<\/p>\n<\/td>\n<td>\n<p align=\"center\">Jederzeit<\/p>\n<p align=\"center\">24\/7<\/p>\n<\/td>\n<\/tr>\n<\/tbody>\n<\/table>\n<p><a href=\"https:\/\/oe3.oevsv.at\/amateurfunk\/notfunk\/notfunkfrequenzen\/\" target=\"_blank\" rel=\"noopener noreferrer\">Quelle: Notfunkreferat OE3 OEVSV<\/a><\/p>\n<\/div>\n<\/div>\n<\/div>\n<\/div>\n<p><a href=\"https:\/\/www.oevsv.at\/export\/shared\/.content\/.galleries\/Downloads_Referate\/UKW-Referat-Downloads\/Relaisliste.pdf\" target=\"_blank\" rel=\"noopener noreferrer\">Quelle: Amateurfunk-Relaisfunkstellen in \u00d6sterreich vom UKW-Referat des OEVSV<\/a><\/p>\n<\/div>\n<\/div><\/div><\/div><\/div><div id=\"pg-623-3\"  class=\"panel-grid panel-no-style\" ><div id=\"pgc-623-3-0\"  class=\"panel-grid-cell\" ><div id=\"panel-623-3-0-0\" class=\"so-panel widget widget_sow-editor panel-first-child panel-last-child\" data-index=\"3\" ><div\n\t\t\t\n\t\t\tclass=\"so-widget-sow-editor so-widget-sow-editor-base\"\n\t\t\t\n\t\t><h3 class=\"widget-title\">\u00dcbersicht Notfunkfrequenzen<\/h3>\n<div class=\"siteorigin-widget-tinymce textwidget\">\n\t<p>Die generellen Notfunkfrequenzen in \u00d6sterreich nach OEVSV Empfehlung sind:<\/p>\n<p><strong>Kurzwelle:<\/strong><\/p>\n<p>3760 kHz alle Betriebsarten \u2013 Aktivit\u00e4tszentrum Region 1 Notfunk<\/p>\n<p>7110 kHz alle Betriebsarten \u2013 Aktivit\u00e4tszentrum Region 1 Notfunk<\/p>\n<p>14300 kHz alle Betriebsarten \u2013 Aktivit\u00e4tszentrum weltweiter Notfunk<\/p>\n<p>18160 kHz alle Betriebsarten \u2013 Aktivit\u00e4tszentrum weltweiter Notfunk<\/p>\n<p>21360 kHz alle Betriebsarten \u2013 Aktivit\u00e4tszentrum weltweiter Notfunk<\/p>\n<p><strong>Ultrakurzwelle:<\/strong><\/p>\n<p>144.260 MHz USB<\/p>\n<p>145.500 MHz FM <strong>(S20)<\/strong> \u2013 (mobil) Anruf<\/p>\n<p>145.525 MHz FM <strong>(S21)<\/strong><\/p>\n<p>145.550 MHz FM <strong>(S22)<\/strong><\/p>\n<p>433.500 MHz FM \u2013 Anruf International<\/p>\n<p><strong>Zus\u00e4tzlich sind in Deutschland, \u00d6sterreich und der Schweiz noch die folgenden Frequenzen empfohlen:<\/strong><\/p>\n<p>1873 kHz LSB (D-A-CH)<\/p>\n<p>3643 kHz LSB (D-A-CH)<\/p>\n<p>7085 kHz LSB (D-A-CH)<\/p>\n<p>10138 kHz USB (D-A-CH) - nur im Notfall SSB oder Pactor-3 erlaubt!<\/p>\n<p>14180 kHz USB (D-A-CH)<\/p>\n<p>28238 kHz USB (Deutschland)<\/p>\n<p>434.000 MHz FM (D-A-CH)<\/p>\n<div class=\"ap-sec \">\n<div class=\"ap-plain\"><a href=\"https:\/\/oe3.oevsv.at\/amateurfunk\/notfunk\/notfunkfrequenzen\/\" target=\"_blank\" rel=\"noopener noreferrer\">Quelle: Notfunkreferat OE3 OEVSV<\/a><\/div>\n<\/div>\n<p><a href=\"https:\/\/www.oevsv.at\/export\/shared\/.content\/.galleries\/Downloads_Referate\/UKW-Referat-Downloads\/Relaisliste.pdf\" target=\"_blank\" rel=\"noopener noreferrer\">Quelle: Amateurfunk-Relaisfunkstellen in \u00d6sterreich vom UKW-Referat des OEVSV<\/a><\/p>\n<\/div>\n<\/div><\/div><\/div><\/div><div id=\"pg-623-4\"  class=\"panel-grid panel-no-style\" ><div id=\"pgc-623-4-0\"  class=\"panel-grid-cell\" ><div id=\"panel-623-4-0-0\" class=\"so-panel widget widget_sow-editor panel-first-child panel-last-child\" data-index=\"4\" ><div\n\t\t\t\n\t\t\tclass=\"so-widget-sow-editor so-widget-sow-editor-base\"\n\t\t\t\n\t\t><h3 class=\"widget-title\">\u00dcbersicht Repeater Wien und Umgebung<\/h3>\n<div class=\"siteorigin-widget-tinymce textwidget\">\n\t<p><a href=\"http:\/\/www.mh-is.at\/wp-content\/uploads\/2020\/10\/kahlenberg.jpeg\"><img loading=\"lazy\" decoding=\"async\" class=\"alignright size-medium wp-image-776\" src=\"http:\/\/www.mh-is.at\/wp-content\/uploads\/2020\/10\/kahlenberg-300x240.jpeg\" alt=\"\" width=\"300\" height=\"240\" srcset=\"https:\/\/www.mh-is.at\/wp-content\/uploads\/2020\/10\/kahlenberg-300x240.jpeg 300w, https:\/\/www.mh-is.at\/wp-content\/uploads\/2020\/10\/kahlenberg-700x560.jpeg 700w, https:\/\/www.mh-is.at\/wp-content\/uploads\/2020\/10\/kahlenberg-768x614.jpeg 768w, https:\/\/www.mh-is.at\/wp-content\/uploads\/2020\/10\/kahlenberg-1536x1229.jpeg 1536w, https:\/\/www.mh-is.at\/wp-content\/uploads\/2020\/10\/kahlenberg-800x640.jpeg 800w, https:\/\/www.mh-is.at\/wp-content\/uploads\/2020\/10\/kahlenberg.jpeg 1600w\" sizes=\"auto, (max-width: 300px) 100vw, 300px\" \/><\/a>In Wien und Umgebung gibt es zahlreiche Repeater, die im Notfall es erm\u00f6glichen, im dicht bebauten Gebiet der Wiener Gro\u00dfstadt und auch das Umland rund um Wien weitreichend zu versorgen. Dieser funktechnische R\u00fcckgrad ist auf den umliegenden Bergen bzw. Bodenerhebungen in und rund um Wien realisiert und teilweise notstromversorgt. <a href=\"https:\/\/www.oevsv.at\/export\/shared\/.content\/.galleries\/Downloads_Referate\/UKW-Referat-Downloads\/Relaisliste.pdf\" target=\"_blank\" rel=\"noopener noreferrer\">Quelle: Amateurfunk-Relaisfunkstellen in \u00d6sterreich vom UKW-Referat des OEVSV<\/a><\/p>\n<p><strong>Eine Liste der wichtigsten Repeater aufsteigend nach Frequenz:<\/strong><\/p>\n<p><strong>28 \u2013 29,7 MHz<\/strong><\/p>\n<ul>\n<li>29,660 | 29,560 | OE3XLU | M\u00d6DLING - GIESZH\u00dcBL | JN88CC | 424m\u00fcA | OE3KLU&nbsp;<\/li>\n<\/ul>\n<hr \/>\n<p><strong>50 \u2013 52 MHz<\/strong><\/p>\n<ul>\n<li>51,950 | 51,350 | MOBILES NOTFUNKRELAIS OE<\/li>\n<li>51,970 | 51,370 | DIGITAL VOICE RELAIS OE<\/li>\n<li>51,990 | 51,390 | OE1XQU | WIEN \u2013 WIENERBERG | JN88EE | 240m\u00fcA | OE1MCU<\/li>\n<\/ul>\n<hr \/>\n<p><strong>144 \u2013 146 MHz<\/strong><\/p>\n<ul>\n<li>145,575 | 144,975 | OE1XDS -C WIEN \u2013 AKH JN88EF 306 OE1AOA<\/li>\n<li>145,5875 | 144,9875 | OE3XLU | M\u00d6DLING JN88CC 424 OE3KLU<\/li>\n<li>145,625 | 145,025 | OE1XFW | WIEN (LINK R70) LAAERBERG | JN88ED | 317m\u00fcA | OE3NSC<\/li>\n<li>145,6375 | 145,0375 | OE3XNR | NEBELSTEIN | <strong>(88,5 Hz)<\/strong> | JN78JQ | 1017m\u00fcA | OE3IGW<\/li>\n<li>145,650 | 145,050 | OE3XPA | ST. P\u00d6LTEN - KAISERKOGEL | JN78SB | 726m\u00fcA | OE3CJB<\/li>\n<li>145,700 | 145,100 | OE3XSA | KREMS - SANDL | JN78RL | 710m\u00fcA | OE3WLS<\/li>\n<li>145,725 | 145,125 | OE3XHW | WR.NEUSTADT - HOHE WAND | JN87AT | 1065m\u00fcA | OE3GWC<\/li>\n<li>145,750 | 145,150 | OE1XQA | WIEN - EXELBERG | JN88CF | 577m\u00fcA | OE1BAD<\/li>\n<li>145,7875 | 145,1875 | OE3XES | WAIDH.\/THAYA - FRAUENSTAFFEL | JN78QT | 695m\u00fcA | OE3KMA<\/li>\n<\/ul>\n<hr \/>\n<p><strong>430 \u2013 440 MHz<\/strong><\/p>\n<ul>\n<li>430,4875 | 430,4875 | OE1XTW | WIEN \u2013 ARSENAL FUNKTURM | JN88EE | 350m\u00fcA | OE1ERR<\/li>\n<li>430,5625 | 430,5625 | OE1XZS | WIEN \u2013 PENZING | JN88DE | 270m\u00fcA | OE1AZS<\/li>\n<li>438,200 | 430,600 | OE3XKV | HOCHKAR | JN77KR | OE3CDW<\/li>\n<li>438,2125 | 438,2125 | OE1XFV | 1160 WIEN | JN88DF | OE1PHS | DSTAR Relaise<\/li>\n<li>438,225 | 430,625 | OE3XNK | WIENER NEUSTADT - HOHE WAND | JN87AU | 841m\u00fcA | OE3GBB<\/li>\n<li>438,250 | 430,650 | OE1XTK\u2013B | WIEN \u2013 AUHOF | JN88CF | 243m\u00fcA | OE1TKS<\/li>\n<li>438,275 | 430,675 | OE3XVI\u2013B | UNTERBERG \u2013 GUTENSTEINER ALPEN | JN77VW | 1329m\u00fcA | OE1AOA<\/li>\n<li>438,300 | 430,700 | OE3XNK\u2013B | WIENER NEUSTADT - HOHE WAND | JN87AU | 841m\u00fcA | OE3GBB<\/li>\n<li>438,325 | 430,725 | OE3XNR\u2013B | NEBELSTEIN | JN78JQ | 1017m\u00fcA | OE3IGW<\/li>\n<li>438,3375 | 430,7375 | OE1XDT | WIEN \u2013 DONAUTURM | JN88EF | OE1KBC<\/li>\n<li>438,3625 | 430,7625 | OE1XQU | WIEN \u2013 WIENERWALD | JN88DG | 500 | OE1KBC<\/li>\n<li>438,375 | 430,775 | OE3XYR | ST. P\u00d6LTEN \u2013 HTL | JN78TE | 285 | OE3SUW<\/li>\n<li>438,400 | 430,800 | OE3XTR | WIENER NEUSTADT - HOHE WAND | (CTCSS<br \/>\n162,2 | Hz) | JN87AT | 920 | OE3KLU<\/li>\n<li>438,425 | 430,825 | OE3XHB | JAUERLING | JN78QI | 960 | OE3NRS<\/li>\n<li>438,450 | 430,850 | OE1XQU | WIEN - WIENERBERG | JN88EE | 240 | OE1KBC<\/li>\n<li>438,450 | 430,850 | OE3XPA | \u2013B | ST. P\u00d6LTEN - KAISERKOGEL | JN78SB | 726 | OE3CJB<\/li>\n<li>438,475 | 430,875 | OE3XDB | BAD V\u00d6SLAU - HARZBERG | JN87CX | 487 | OE3DNW<\/li>\n<li>438,475 | 430,875 | OE1XTA | HERMANNSKOGEL | JN88DG | 542 | OE1KBC<\/li>\n<li>438,500 | 430,900 | OE1XAR | WIEN - BISAMBERG | JN88EH | 304 | OE3NSC<\/li>\n<li>438,500 | 430,900 | OE3XKC | PIELACHTAL - KIRCHBERG | JN78RA | 515 | OE3ICU<\/li>\n<li>438,525 | 430,925 | OE1XDS -B | WIEN \u2013 AKH | JN88EF | 306 | OE1AOA<\/li>\n<li>438,550 | 430,950 | OE3XRB | AMSTETTEN - SONNTAGBERG | JN77JX | 712 | OE3NRS<\/li>\n<li>438,575 | 430,975 | OE3XWW -B | M\u00d6NICHKIRCHEN | JN87AM | 1002 | OE3RPU<\/li>\n<li>438,600 | 431,000 | OE3XHB | JAUERLING | JN78QI | 960 | OE3JPA<\/li>\n<li>438,650 | 431,050 | OE1XFW | WIEN (LINK R1) | JN88ED | 317 | OE3NSC<\/li>\n<li>438,675 | 431,075 | OE3XQA | WIEN - EXELBERG | JN88CF | 577 | OE1BAD<\/li>\n<li>438,725 | 431,125 | OE3XAV | -B | KLEINHADERSDORF | OE3PKB<\/li>\n<li>438,750 | 431,150 | OE3XHW | WR.NEUSTADT - HOHE WAND | JN87AT | 1065 | OE3GWC<\/li>\n<li>438,775 | 431,175 | OE3XLS | KREMS - SANDL | JN78RL | 710 | OE3WLS<\/li>\n<li>438,800 | 431,200 | OE3XNS | MISTELBACH - BUSCHBERG | JN88EN | 485 | OE3NSU<\/li>\n<li>438,825 | 431,225 | OE1XQU | WIEN - WIENERBERG | JN88EE | 240 | OE1MCU<\/li>\n<li>438,850 | 431,250 | OE3XDA | RANDEGG HOCHKOGELBERG | JN78LA | 711 | OE3JWC<\/li>\n<li>438,850 | 431,250 | OE3XCR | HUTWISCH | JN87CL | 850 | OE4KZU<\/li>\n<li>438,875 | 431,275 | OE3XNR | NEBELSTEIN | (CTCSS | 88,5 | Hz) | JN78JQ | 1017 | OE3IGW<\/li>\n<li>438,900 | 431,300 | OE3XRB | AMSTETTEN - SONNTAGBERG | JN77JX | 712 | OE3JWB<\/li>\n<li>438,925 | 431,325 | OE3XSU | ST. VALENTIN | JN78GE | 317 | OE5FXN<\/li>\n<li>438,950 | 431,350 | OE1XUU | WIEN \u2013 KAHLENBERG | (CTCSS | 162,2 | Hz) | JN88EG | 540 | OE1BAD<\/li>\n<li>438,975 | 431,375 | OE3XFW | HOCHSTRASZ (CTCSS 162,2 Hz) | JN78XD | 590 | OE3ARC<\/li>\n<li>439,000 | 431,400 | OE1XFU | WIEN \u2013 SATZBERG (CTCSS 162,2 Hz) | JN88DF | 380 | OE1FFS<\/li>\n<li>439,025 | 431,425 | OE3XEU | WAIDH.\/THAYA - FRAUENSTAFFEL | JN78QT | 695 | OE3KMA<\/li>\n<li>439,025 | 431,425 | OE3XLU | M\u00d6DLING - GIESZH\u00dcBL | JN88CC | 424 | OE3KLU<\/li>\n<li>439,050 | 431,450 | OE3XEB | TROPPBERGWARTE | JN88BF | 542 | OE1NHU<\/li>\n<li>439,075 | 431,475 | OE3XWU | HOCHWECHSEL | JN77XM | 1743 | 4RLC | \/4KMU<\/li>\n<\/ul>\n<hr \/>\n<p><strong>1240 \u2013 1300 MHz<\/strong><\/p>\n<ul>\n<li>1298,050 1270,050 OE3XIA WIEN - EXELBERG JN88CF 577 OE1AOA 1)<\/li>\n<li>1298,100 1270,100 OE1XGW WIEN - SIMMERING JN88EF 360 OE1WRS 3)<\/li>\n<li>1298,200 1270,200 OE3X... KREMS - SANDL JN78RL 710 OE3WLS 3)<\/li>\n<li>1298,225 1270,225 OE3XFC HOCHWECHSEL JN77XM 1743 OE4KMU 17)<\/li>\n<li>1298,250 1270,250 OE1XCA WIEN \u2013 WIENERBERG JN88EE 240 OE1MCU<\/li>\n<li>1298,500 1270,500 OE3XPC HINTERALM JN77TX 1313 OE3CJB<\/li>\n<li>1298,600 1270,600 OE3XWW -A M\u00d6NICHKIRCHEN JN87AM 1002 OE3RPU 19)<\/li>\n<li>1298,650 1270,650 OE1XDS -A WIEN-AKH JN88EF 306 OE1AOA 15) 19)<\/li>\n<li>1294,425 1294,425 OE1XDS \u2013AD WIEN-AKH JN88EF 306 OE1AOA 15) 19)<\/li>\n<\/ul>\n<hr \/>\n<p><strong>2300 \u2013 2450 MHz<\/strong><\/p>\n<ul>\n<li>2401,900 2449,900 OE1XKU WIEN \u2013 WIENERBERG JN88EE 240 OE1MCU 17)<\/li>\n<\/ul>\n<hr \/>\n<p>&nbsp;<\/p>\n<\/div>\n<\/div><\/div><\/div><\/div><div id=\"pg-623-5\"  class=\"panel-grid panel-no-style\" ><div id=\"pgc-623-5-0\"  class=\"panel-grid-cell\" ><div id=\"panel-623-5-0-0\" class=\"so-panel widget widget_sow-editor panel-first-child panel-last-child\" data-index=\"5\" ><div\n\t\t\t\n\t\t\tclass=\"so-widget-sow-editor so-widget-sow-editor-base\"\n\t\t\t\n\t\t><h3 class=\"widget-title\">(Not)funk-Runden in den Covid 19 Zeiten<\/h3>\n<div class=\"siteorigin-widget-tinymce textwidget\">\n\t<h2>Covid - Notfunk Runden:<\/h2>\n<p><strong><span class=\"style-scope yt-formatted-string\" dir=\"auto\">\"COVID-Runden\" <\/span><\/strong><\/p>\n<ul>\n<li><span class=\"style-scope yt-formatted-string\" dir=\"auto\">17:00<\/span><span class=\"style-scope yt-formatted-string\" dir=\"auto\"> - <\/span><span class=\"style-scope yt-formatted-string\" dir=\"auto\">18:00<\/span><span class=\"style-scope yt-formatted-string\" dir=\"auto\"> UTC auf 3,643MHz <\/span><\/li>\n<li><span class=\"style-scope yt-formatted-string\" dir=\"auto\">19:00<\/span><span class=\"style-scope yt-formatted-string\" dir=\"auto\"> - <\/span><span class=\"style-scope yt-formatted-string\" dir=\"auto\">19:15<\/span><span class=\"style-scope yt-formatted-string\" dir=\"auto\"> UTC auf 438,950MHz (Echolink Node: 6406) auch DMR 2\/232 <\/span><\/li>\n<\/ul>\n<p><strong><span class=\"style-scope yt-formatted-string\" dir=\"auto\">Gebiet Wien und Umgebung: <\/span><\/strong><\/p>\n<ul>\n<li><span class=\"style-scope yt-formatted-string\" dir=\"auto\">145,325MHz Simplex<\/span><\/li>\n<li>145.550MHz Relais&nbsp;<\/li>\n<li><span class=\"style-scope yt-formatted-string\" dir=\"auto\">145,750MHZ <\/span><span class=\"style-scope yt-formatted-string\" dir=\"auto\">Relais Exelberg - Morgenrunde t\u00e4gl. ab 08.00 und abends 20.00<\/span><\/li>\n<li><span class=\"style-scope yt-formatted-string\" dir=\"auto\">438,800MHz Relais Buschberg - Abendrunde Klosterneuburg<\/span><\/li>\n<li><span class=\"style-scope yt-formatted-string\" dir=\"auto\">438,950MHz Relais Kahlenberg - Kahlenbergrunde jeden Tag ab 20.00<\/span><\/li>\n<\/ul>\n<\/div>\n<\/div><\/div><\/div><\/div><div id=\"pg-623-6\"  class=\"panel-grid panel-no-style\" ><div id=\"pgc-623-6-0\"  class=\"panel-grid-cell\" ><div id=\"panel-623-6-0-0\" class=\"so-panel widget widget_sow-editor panel-first-child panel-last-child\" data-index=\"6\" ><div\n\t\t\t\n\t\t\tclass=\"so-widget-sow-editor so-widget-sow-editor-base\"\n\t\t\t\n\t\t>\n<div class=\"siteorigin-widget-tinymce textwidget\">\n\t<h2><strong>Funkrundenliste von Bernhard <a href=\"mailto:oe3brw@oevsv.at\">OE3BRW<\/a>:<\/strong><\/h2>\n<ul>\n<li><a href=\"https:\/\/oe3.oevsv.at\/adl304\/adl-304\/infos\/\" target=\"_blank\" rel=\"noopener\">Link zur Homepage<\/a><\/li>\n<li><a href=\"http:\/\/www.mh-is.at\/wp-content\/uploads\/2021\/02\/FUNKRUNDEN-QSO-FR.pdf\" target=\"_blank\" rel=\"noopener\">Funkrunden Liste Stand 02\/2021<\/a><\/li>\n<li><a href=\"http:\/\/www.mh-is.at\/wp-content\/uploads\/2021\/02\/NOTFUNK-NF.pdf\" target=\"_blank\" rel=\"noopener\">Notfunk Liste Stand 02\/2021<\/a><\/li>\n<\/ul>\n<p>&nbsp;<\/p>\n<\/div>\n<\/div><\/div><\/div><\/div><\/div>","protected":false},"excerpt":{"rendered":"<p>Das Thema Notfunk ist f\u00fcr mein Verst\u00e4ndnis ein wesentlicher Bestandteil des Amateurfunks und ich m\u00f6chte mit dem Gesetzestext beginnen, der uns auf freiwilliger Basis verpflichtet, im Falle eines Zusammenbrechens des Kommunikationsnetzes, der Beh\u00f6rde unsere Unterst\u00fctzung anzubieten. Nach dem Auszug aus dem verlinkten Gesetzestext m\u00f6chte ich gerne auf die Notfunkfrequenzen rund um Wien und Umgebung eingehen&#8230;<\/p>\n","protected":false},"author":1,"featured_media":0,"parent":0,"menu_order":0,"comment_status":"open","ping_status":"closed","template":"fullwidth.php","meta":{"ngg_post_thumbnail":0,"footnotes":""},"class_list":["post-623","page","type-page","status-publish","hentry"],"_links":{"self":[{"href":"https:\/\/www.mh-is.at\/index.php?rest_route=\/wp\/v2\/pages\/623","targetHints":{"allow":["GET"]}}],"collection":[{"href":"https:\/\/www.mh-is.at\/index.php?rest_route=\/wp\/v2\/pages"}],"about":[{"href":"https:\/\/www.mh-is.at\/index.php?rest_route=\/wp\/v2\/types\/page"}],"author":[{"embeddable":true,"href":"https:\/\/www.mh-is.at\/index.php?rest_route=\/wp\/v2\/users\/1"}],"replies":[{"embeddable":true,"href":"https:\/\/www.mh-is.at\/index.php?rest_route=%2Fwp%2Fv2%2Fcomments&post=623"}],"version-history":[{"count":39,"href":"https:\/\/www.mh-is.at\/index.php?rest_route=\/wp\/v2\/pages\/623\/revisions"}],"predecessor-version":[{"id":1064,"href":"https:\/\/www.mh-is.at\/index.php?rest_route=\/wp\/v2\/pages\/623\/revisions\/1064"}],"wp:attachment":[{"href":"https:\/\/www.mh-is.at\/index.php?rest_route=%2Fwp%2Fv2%2Fmedia&parent=623"}],"curies":[{"name":"wp","href":"https:\/\/api.w.org\/{rel}","templated":true}]}}