{"id":717,"date":"2020-10-02T11:27:01","date_gmt":"2020-10-02T09:27:01","guid":{"rendered":"http:\/\/www.mh-is.at\/?page_id=717"},"modified":"2021-01-30T22:04:46","modified_gmt":"2021-01-30T21:04:46","slug":"repeater","status":"publish","type":"page","link":"https:\/\/www.mh-is.at\/?page_id=717","title":{"rendered":"Repeaterbetrieb"},"content":{"rendered":"<div id=\"pl-717\"  class=\"panel-layout\" ><div id=\"pg-717-0\"  class=\"panel-grid panel-no-style\" ><div id=\"pgc-717-0-0\"  class=\"panel-grid-cell\" ><div id=\"panel-717-0-0-0\" class=\"so-panel widget widget_sow-editor panel-first-child panel-last-child\" data-index=\"0\" ><div\n\t\t\t\n\t\t\tclass=\"so-widget-sow-editor so-widget-sow-editor-base\"\n\t\t\t\n\t\t><h3 class=\"widget-title\">Repeater<\/h3>\n<div class=\"siteorigin-widget-tinymce textwidget\">\n\t<p>Repeater sind Relaisfunkstellen, die ein Signal auf einer Frequenz aufnehmen und auf einer anderen Frequenz verst\u00e4rkt wieder aussenden. Somit ist es m\u00f6glich mit einem schwachen Signal oder einem ung\u00fcnstigen Standort z.B. in der Stadt oder am Land von einem Tal in ein anderes zu funken. Ohne Repeater w\u00e4ren viele Verbindungen zwischen mobilen und portablen Endger\u00e4ten nicht m\u00f6glich. Die Repeater sind meist auf sehr hohen Standorten positioniert und auch ein einer Liste registriert. Das <a href=\"https:\/\/www.repeaterbook.com\/row_repeaters\/index.php?state_id=AT\" target=\"_blank\" rel=\"noopener\">Repeaterbook - \u00d6sterreich<\/a> ist eine m\u00f6gliche Quelle um nachzusehen, wo welcher Repeater aufgestellt ist und unter welcher Frequenz er erreichbar ist.&nbsp;<\/p>\n<p>Manche Repeater ben\u00f6tigen einen Subaudioton, den das Funkger\u00e4t mitschickt um den Repeater zu \u00f6ffnen. Dieser <a href=\"https:\/\/de.wikipedia.org\/wiki\/CTCSS\" target=\"_blank\" rel=\"noopener\">CTCSS-Ton<\/a> \u00f6ffnet die Empfangseinheit des Repeaters und dann kann man \u00fcber diesen Repeater funken. Es gibt 38 standardisierte Frequenzen, die in jedem Funkger\u00e4t einstellbar sind.&nbsp;<\/p>\n<p>Wichtig ist eine aktuelle Repeater Liste, die die aktuellen Einstellungen beinhaltet. Das <a href=\"https:\/\/www.oevsv.at\/funkbetrieb\/amateurfunkfrequenzen\/ukw-referat\/\" target=\"_blank\" rel=\"noopener\">UKW-Referat des OEVSV<\/a> h\u00e4lt diese Listen und Eintr\u00e4ge bereit.<\/p>\n<p><a href=\"http:\/\/ha2to.orbel.hu\/content\/repeaters\/en\/index.html?d=&amp;o=freq\" target=\"_blank\" rel=\"noopener\">Repeater-Liste der Ungarischen Repeater<\/a><\/p>\n<\/div>\n<\/div><\/div><\/div><div id=\"pgc-717-0-1\"  class=\"panel-grid-cell\" ><div id=\"panel-717-0-1-0\" class=\"so-panel widget widget_sow-editor panel-first-child panel-last-child\" data-index=\"1\" ><div\n\t\t\t\n\t\t\tclass=\"so-widget-sow-editor so-widget-sow-editor-base\"\n\t\t\t\n\t\t><h3 class=\"widget-title\">Kurzvideo von DL2YMR<\/h3>\n<div class=\"siteorigin-widget-tinymce textwidget\">\n\t<p>Was ist ein Repeater und wie funktionieren diese Relaisfunkstellen?<\/p>\n<p><iframe loading=\"lazy\" title=\"Amateurfunk Basics - Relaisfunkstelle\" width=\"700\" height=\"394\" src=\"https:\/\/www.youtube.com\/embed\/nCs5TP_QXQs?feature=oembed\" frameborder=\"0\" allow=\"accelerometer; autoplay; clipboard-write; encrypted-media; gyroscope; picture-in-picture\" allowfullscreen><\/iframe><\/p>\n<p>&nbsp;<\/p>\n<p>&nbsp;<\/p>\n<\/div>\n<\/div><\/div><\/div><\/div><div id=\"pg-717-1\"  class=\"panel-grid panel-no-style\" ><div id=\"pgc-717-1-0\"  class=\"panel-grid-cell\" ><div id=\"panel-717-1-0-0\" class=\"so-panel widget widget_sow-editor panel-first-child panel-last-child\" data-index=\"2\" ><div\n\t\t\t\n\t\t\tclass=\"so-widget-sow-editor so-widget-sow-editor-base\"\n\t\t\t\n\t\t><h3 class=\"widget-title\">Repeater Karte<\/h3>\n<div class=\"siteorigin-widget-tinymce textwidget\">\n\t<p><iframe loading=\"lazy\" src=\"https:\/\/www.google.com\/maps\/d\/embed?mid=1lwESpY7bEi3ebHYCF_SKsRDX46A&hl=de\" width=\"1024\" height=\"768\"><\/iframe><\/p>\n<\/div>\n<\/div><\/div><\/div><\/div><\/div>","protected":false},"excerpt":{"rendered":"<p>Repeater sind Relaisfunkstellen, die ein Signal auf einer Frequenz aufnehmen und auf einer anderen Frequenz verst\u00e4rkt wieder aussenden. Somit ist es m\u00f6glich mit einem schwachen Signal oder einem ung\u00fcnstigen Standort z.B. in der Stadt oder am Land von einem Tal in ein anderes zu funken. Ohne Repeater w\u00e4ren viele Verbindungen zwischen mobilen und portablen Endger\u00e4ten&#8230;<\/p>\n","protected":false},"author":1,"featured_media":0,"parent":0,"menu_order":0,"comment_status":"open","ping_status":"closed","template":"fullwidth.php","meta":{"ngg_post_thumbnail":0,"footnotes":""},"class_list":["post-717","page","type-page","status-publish","hentry"],"_links":{"self":[{"href":"https:\/\/www.mh-is.at\/index.php?rest_route=\/wp\/v2\/pages\/717","targetHints":{"allow":["GET"]}}],"collection":[{"href":"https:\/\/www.mh-is.at\/index.php?rest_route=\/wp\/v2\/pages"}],"about":[{"href":"https:\/\/www.mh-is.at\/index.php?rest_route=\/wp\/v2\/types\/page"}],"author":[{"embeddable":true,"href":"https:\/\/www.mh-is.at\/index.php?rest_route=\/wp\/v2\/users\/1"}],"replies":[{"embeddable":true,"href":"https:\/\/www.mh-is.at\/index.php?rest_route=%2Fwp%2Fv2%2Fcomments&post=717"}],"version-history":[{"count":18,"href":"https:\/\/www.mh-is.at\/index.php?rest_route=\/wp\/v2\/pages\/717\/revisions"}],"predecessor-version":[{"id":1033,"href":"https:\/\/www.mh-is.at\/index.php?rest_route=\/wp\/v2\/pages\/717\/revisions\/1033"}],"wp:attachment":[{"href":"https:\/\/www.mh-is.at\/index.php?rest_route=%2Fwp%2Fv2%2Fmedia&parent=717"}],"curies":[{"name":"wp","href":"https:\/\/api.w.org\/{rel}","templated":true}]}}