{"id":830,"date":"2020-10-27T21:09:47","date_gmt":"2020-10-27T20:09:47","guid":{"rendered":"http:\/\/www.mh-is.at\/?page_id=830"},"modified":"2021-02-28T09:25:53","modified_gmt":"2021-02-28T08:25:53","slug":"stationen-links","status":"publish","type":"page","link":"https:\/\/www.mh-is.at\/?page_id=830","title":{"rendered":"Weiterf\u00fchrende Links"},"content":{"rendered":"<div id=\"pl-830\"  class=\"panel-layout\" ><div id=\"pg-830-0\"  class=\"panel-grid panel-no-style\" ><div id=\"pgc-830-0-0\"  class=\"panel-grid-cell\" ><div id=\"panel-830-0-0-0\" class=\"so-panel widget widget_sow-editor panel-first-child panel-last-child\" data-index=\"0\" ><div\n\t\t\t\n\t\t\tclass=\"so-widget-sow-editor so-widget-sow-editor-base\"\n\t\t\t\n\t\t><h3 class=\"widget-title\">\u00d6sterreichische Funkamateure und Clubs<\/h3>\n<div class=\"siteorigin-widget-tinymce textwidget\">\n\t<ul>\n<li><a href=\"http:\/\/www.mh-is.at\/wp-content\/uploads\/2020\/10\/Funkstation_mit_mikro-900x480-1.png\"><img loading=\"lazy\" decoding=\"async\" class=\"alignright size-medium wp-image-839\" src=\"http:\/\/www.mh-is.at\/wp-content\/uploads\/2020\/10\/Funkstation_mit_mikro-900x480-1-300x160.png\" alt=\"\" width=\"300\" height=\"160\" srcset=\"https:\/\/www.mh-is.at\/wp-content\/uploads\/2020\/10\/Funkstation_mit_mikro-900x480-1-300x160.png 300w, https:\/\/www.mh-is.at\/wp-content\/uploads\/2020\/10\/Funkstation_mit_mikro-900x480-1-700x373.png 700w, https:\/\/www.mh-is.at\/wp-content\/uploads\/2020\/10\/Funkstation_mit_mikro-900x480-1-768x410.png 768w, https:\/\/www.mh-is.at\/wp-content\/uploads\/2020\/10\/Funkstation_mit_mikro-900x480-1-800x427.png 800w, https:\/\/www.mh-is.at\/wp-content\/uploads\/2020\/10\/Funkstation_mit_mikro-900x480-1.png 900w\" sizes=\"auto, (max-width: 300px) 100vw, 300px\" \/><\/a><a href=\"http:\/\/www.oe3ukw.at\/index.php\" target=\"_blank\" rel=\"noopener noreferrer\">Christian - OE3UKW<\/a> ist ein erfahrener Funkamateur, der viele verschiedene Technologien kennt und eine Antwort auf fast alle Fragen hat.<\/li>\n<li><a href=\"http:\/\/www.oe1iah.at\/index.shtml\" target=\"_blank\" rel=\"noopener noreferrer\">Arnold - OE1IAH<\/a> hat eine Seite, die \u00e4hnlich meiner, seinen Weg in den Amateurfunk beschreibt - eine Schatzkiste an verschiedenen Informationen und praktischen Anleitungen zu vielen Themen.<\/li>\n<li><a href=\"http:\/\/www.kbclinux.at\/home.aspx\" target=\"_blank\" rel=\"noopener noreferrer\">Kurt - OE1KBC<\/a> - unterh\u00e4lt auch eine Seite und ist ein wichtiger Ansprechpartner im Amateurfunk, wenn es um HAMNET, digitale Betriebsarten und Fragen zur Ausbildung geht.<\/li>\n<li><a href=\"http:\/\/www.oe3fru.eu\/\" target=\"_blank\" rel=\"noopener noreferrer\">Franz - OE3RFU<\/a> - Funkamateur aus dem Waldviertel mit wertvollen Informationen auf seiner Webseite.<\/li>\n<li><a href=\"https:\/\/www.oe8ndr.at\/\" target=\"_blank\" rel=\"noopener noreferrer\">Fritz - OE8NDR<\/a> - Funkamateur aus K\u00e4rnten mit vielen interessanten Geschichten&nbsp; &nbsp;<\/li>\n<li><a href=\"http:\/\/www.adl111.club\/\" target=\"_blank\" rel=\"noopener noreferrer\">A1 Funkklub ADL111<\/a> - Informationsquelle zum Thema Hamnet<\/li>\n<li><a href=\"http:\/\/www.blackspace.at\/\" target=\"_blank\" rel=\"noopener\">Roland OE1RSA<\/a> - Blog Seite mit viel Informationen zum Thema Digitale Betriebsarten<\/li>\n<\/ul>\n<\/div>\n<\/div><\/div><\/div><\/div><div id=\"pg-830-1\"  class=\"panel-grid panel-no-style\" ><div id=\"pgc-830-1-0\"  class=\"panel-grid-cell\" ><div id=\"panel-830-1-0-0\" class=\"so-panel widget widget_sow-editor panel-first-child panel-last-child\" data-index=\"1\" ><div\n\t\t\t\n\t\t\tclass=\"so-widget-sow-editor so-widget-sow-editor-base\"\n\t\t\t\n\t\t><h3 class=\"widget-title\">WEB-SDR Lauschen \u00fcber das Internet<\/h3>\n<div class=\"siteorigin-widget-tinymce textwidget\">\n\t<p><a href=\"http:\/\/www.mh-is.at\/wp-content\/uploads\/2021\/02\/websdr-pix.jpg\"><img loading=\"lazy\" decoding=\"async\" class=\"alignright size-medium wp-image-1036\" src=\"http:\/\/www.mh-is.at\/wp-content\/uploads\/2021\/02\/websdr-pix-300x174.jpg\" alt=\"\" width=\"300\" height=\"174\" srcset=\"https:\/\/www.mh-is.at\/wp-content\/uploads\/2021\/02\/websdr-pix-300x174.jpg 300w, https:\/\/www.mh-is.at\/wp-content\/uploads\/2021\/02\/websdr-pix-700x406.jpg 700w, https:\/\/www.mh-is.at\/wp-content\/uploads\/2021\/02\/websdr-pix-768x445.jpg 768w, https:\/\/www.mh-is.at\/wp-content\/uploads\/2021\/02\/websdr-pix-800x464.jpg 800w, https:\/\/www.mh-is.at\/wp-content\/uploads\/2021\/02\/websdr-pix.jpg 987w\" sizes=\"auto, (max-width: 300px) 100vw, 300px\" \/><\/a><a href=\"https:\/\/youtu.be\/n2qQy22CCEg\" target=\"_blank\" rel=\"noopener\">WEB-SDR<\/a> ist ein Software-Defined Radio das es erlaubt, \u00fcber das Internet auf vielen Frequenzen zuzuh\u00f6ren. Diese Empfangsstationen sind international verteilt und erm\u00f6glichen es dem Benutzer sich virtuell in ein Shack zu setzen und die Empfangsanlage und die dort verbauten Antennen zu benutzen. Als Startseite empfehle ich eine gro\u00dfe \u00dcbersicht und folgender URL: <a href=\"http:\/\/www.websdr.org\/\" target=\"_blank\" rel=\"noopener\">\u00dcbersicht Web-SDR<\/a><\/p>\n<p><strong>Weiter gibt es auch eine Station die es erlaubt, auf unseren Satelliten <a href=\"https:\/\/eshail.batc.org.uk\/\" target=\"_blank\" rel=\"noopener\">QO100<\/a> mitzuh\u00f6ren.<\/strong><\/p>\n<ul>\n<li><a href=\"https:\/\/eshail.batc.org.uk\/nb\/\" target=\"_blank\" rel=\"noopener\">QO100 - WebSDR<\/a><\/li>\n<li><a href=\"https:\/\/eshail.batc.org.uk\/wb\/\" target=\"_blank\" rel=\"noopener\">QO100 - Weitband Spektrum Monitor<\/a><\/li>\n<\/ul>\n<p><strong>Ein paar Web-SDR Stationen, die in der \u00dcbersicht nicht gelistet sind.<\/strong><\/p>\n<ul>\n<li><a href=\"http:\/\/www.websdr.at\/\" target=\"_blank\" rel=\"noopener\">WebSDR Allhau - JN87BH von OE4RLC<\/a><\/li>\n<li><a href=\"http:\/\/websdr.oe3kjo.com:8073\/\" target=\"_blank\" rel=\"noopener\">WebSDR Krems - OE3KJO<\/a><\/li>\n<li><a href=\"http:\/\/sdr.packetradio.at:8901\/\" target=\"_blank\" rel=\"noopener\">WebSDR Krems - OE3MCU<\/a><\/li>\n<\/ul>\n<\/div>\n<\/div><\/div><\/div><\/div><div id=\"pg-830-2\"  class=\"panel-grid panel-no-style\" ><div id=\"pgc-830-2-0\"  class=\"panel-grid-cell\" ><div id=\"panel-830-2-0-0\" class=\"so-panel widget widget_sow-editor panel-first-child panel-last-child\" data-index=\"2\" ><div\n\t\t\t\n\t\t\tclass=\"so-widget-sow-editor so-widget-sow-editor-base\"\n\t\t\t\n\t\t><h3 class=\"widget-title\">Internationale Seiten<\/h3>\n<div class=\"siteorigin-widget-tinymce textwidget\">\n\t<ul>\n<li><a href=\"http:\/\/www.mh-is.at\/wp-content\/uploads\/2019\/05\/kommunikation-e1601377054185.jpg\"><img loading=\"lazy\" decoding=\"async\" class=\"alignright size-medium wp-image-576\" src=\"http:\/\/www.mh-is.at\/wp-content\/uploads\/2019\/05\/kommunikation-e1601377054185-300x300.jpg\" alt=\"\" width=\"300\" height=\"300\" srcset=\"https:\/\/www.mh-is.at\/wp-content\/uploads\/2019\/05\/kommunikation-e1601377054185-300x300.jpg 300w, https:\/\/www.mh-is.at\/wp-content\/uploads\/2019\/05\/kommunikation-e1601377054185-150x150.jpg 150w, https:\/\/www.mh-is.at\/wp-content\/uploads\/2019\/05\/kommunikation-e1601377054185.jpg 520w\" sizes=\"auto, (max-width: 300px) 100vw, 300px\" \/><\/a><a href=\"http:\/\/dcasler.com\/\" target=\"_blank\" rel=\"noopener noreferrer\">Dave Casler - KE0OG<\/a> - Ein Funkamateur, bei dem ich sehr viel gelernt habe. Sein <a href=\"https:\/\/www.youtube.com\/channel\/UCaBtYooQdmNzq63eID8RaLQ\" target=\"_blank\" rel=\"noopener noreferrer\">Youtube-Channel<\/a> ist voller guter Ratschl\u00e4ge und Reviews.&nbsp;<\/li>\n<li><a href=\"https:\/\/saure.org\/cq-nrw\/\" target=\"_blank\" rel=\"noopener noreferrer\">J\u00f6rg - DD8JM<\/a> - CQ-NRW ist eine voll gepackte Seite mit tollen technischen Tipps.<\/li>\n<li><a href=\"http:\/\/wa3wsj.homestead.com\/\" target=\"_blank\" rel=\"noopener noreferrer\">Edward - WA3WSJ<\/a> ist ein begeisterter Funker mit Hang zum \"Hiking\", eine gute Informationsquelle f\u00fcr alle SOTA - Anh\u00e4nger, da er sehr viele Tipps parat hat f\u00fcr mobiles Funken. Er hat sogar ein <a href=\"https:\/\/books.google.at\/books?id=fvtXAwAAQBAJ&amp;pg=PA116&amp;lpg=PA116&amp;dq=dx+cluster+map&amp;source=bl&amp;ots=Y-IHUKTase&amp;sig=ACfU3U3UxsTAN0DNKvFZYKzux_NLjSATJA&amp;hl=en&amp;sa=X&amp;ved=2ahUKEwjytoLu_cvqAhWIHHcKHbFqD9U4FBDoATAAegQIBhAB#v=onepage&amp;q=dx%20cluster%20map&amp;f=false\" target=\"_blank\" rel=\"noopener noreferrer\">freies Handbuch<\/a> herausgebracht.<\/li>\n<li><a href=\"http:\/\/www.db6nt.de\/startseite.html\" target=\"_blank\" rel=\"noopener noreferrer\">Michael - DB6NT<\/a> ist in den h\u00f6chsten Frequenzen zu Hause und hat wertvolle Tipps f\u00fcr alle Satellitenfreunde und GHz-Begeisterte.<\/li>\n<li><a href=\"https:\/\/www.dj0ip.de\/\" target=\"_blank\" rel=\"noopener noreferrer\">Richard, Rick - DJ0IP<\/a> unterh\u00e4lt die wohl vollste Homepage, die mir seid langen untergekommen ist und er migriert gerade die Inhalte auf seine <a href=\"https:\/\/www.dj0ip.com\/\" target=\"_blank\" rel=\"noopener noreferrer\">neue Homepage<\/a>. Die neue Homepage f\u00fcllt sich gerade aber wer wirklich mutig ist, schaut auf seine <a href=\"https:\/\/www.dj0ip.de\/\" target=\"_blank\" rel=\"noopener noreferrer\">urspr\u00fcngliche Homepage<\/a> - ein Dachboden voller Geheimnisse.<\/li>\n<li><a href=\"http:\/\/www.ac6v.com\/prefixes.htm\" target=\"_blank\" rel=\"noopener noreferrer\">Jeff - AC6V<\/a> hat die umfassendste Linksammlung, die mir untergekommen ist - 700 Amateurfunkthemen, 6000 Links und 133 Seiten bilden eine geballte Ladung Informationen.<\/li>\n<li><a href=\"http:\/\/ki4cfs.com\/\" target=\"_blank\" rel=\"noopener noreferrer\">Martin - KI4CFS<\/a> - ist ein guter Startpunkt f\u00fcr Anf\u00e4nger, da er sehr gut <a href=\"http:\/\/ki4cfs.com\/amateur-radio-resources\/\" target=\"_blank\" rel=\"noopener noreferrer\">recherchierte Links<\/a> anbietet.<\/li>\n<\/ul>\n<\/div>\n<\/div><\/div><\/div><\/div><\/div>","protected":false},"excerpt":{"rendered":"<p>Christian &#8211; OE3UKW ist ein erfahrener Funkamateur, der viele verschiedene Technologien kennt und eine Antwort auf fast alle Fragen hat. Arnold &#8211; OE1IAH hat eine Seite, die \u00e4hnlich meiner, seinen Weg in den Amateurfunk beschreibt &#8211; eine Schatzkiste an verschiedenen Informationen und praktischen Anleitungen zu vielen Themen. Kurt &#8211; OE1KBC &#8211; unterh\u00e4lt auch eine Seite&#8230;<\/p>\n","protected":false},"author":1,"featured_media":0,"parent":0,"menu_order":0,"comment_status":"open","ping_status":"closed","template":"fullwidth.php","meta":{"ngg_post_thumbnail":0,"footnotes":""},"class_list":["post-830","page","type-page","status-publish","hentry"],"_links":{"self":[{"href":"https:\/\/www.mh-is.at\/index.php?rest_route=\/wp\/v2\/pages\/830","targetHints":{"allow":["GET"]}}],"collection":[{"href":"https:\/\/www.mh-is.at\/index.php?rest_route=\/wp\/v2\/pages"}],"about":[{"href":"https:\/\/www.mh-is.at\/index.php?rest_route=\/wp\/v2\/types\/page"}],"author":[{"embeddable":true,"href":"https:\/\/www.mh-is.at\/index.php?rest_route=\/wp\/v2\/users\/1"}],"replies":[{"embeddable":true,"href":"https:\/\/www.mh-is.at\/index.php?rest_route=%2Fwp%2Fv2%2Fcomments&post=830"}],"version-history":[{"count":17,"href":"https:\/\/www.mh-is.at\/index.php?rest_route=\/wp\/v2\/pages\/830\/revisions"}],"predecessor-version":[{"id":1066,"href":"https:\/\/www.mh-is.at\/index.php?rest_route=\/wp\/v2\/pages\/830\/revisions\/1066"}],"wp:attachment":[{"href":"https:\/\/www.mh-is.at\/index.php?rest_route=%2Fwp%2Fv2%2Fmedia&parent=830"}],"curies":[{"name":"wp","href":"https:\/\/api.w.org\/{rel}","templated":true}]}}